{"id":119,"date":"2026-01-01T21:24:33","date_gmt":"2026-01-01T21:24:33","guid":{"rendered":"https:\/\/2jdrenov.fr\/?page_id=119"},"modified":"2026-01-01T21:41:31","modified_gmt":"2026-01-01T21:41:31","slug":"services","status":"publish","type":"page","link":"https:\/\/2jdrenov.fr\/index.php\/services\/","title":{"rendered":"Services"},"content":{"rendered":"\n<h2 class=\"wp-block-heading\">A qui s&rsquo;adresse-t-on ?<\/h2>\n\n\n\n<p>Notre entreprise de r\u00e9novation de maisons et d\u2019appartements accompagne tous types de clients dans leurs projets, qu\u2019ils soient priv\u00e9s ou professionnels.<br>Nous nous adressons aussi bien aux <strong>particuliers<\/strong> souhaitant r\u00e9nover, moderniser ou valoriser leur logement, qu\u2019aux <strong>entreprises<\/strong> d\u00e9sireuses d\u2019am\u00e9nager ou de remettre en \u00e9tat leurs locaux.<br>Nous travaillons \u00e9galement avec les <strong>collectivit\u00e9s locales<\/strong> pour des projets de r\u00e9novation, de mise aux normes ou d\u2019am\u00e9lioration du patrimoine b\u00e2ti, ainsi qu\u2019avec les <strong>syndics de copropri\u00e9t\u00e9<\/strong> pour l\u2019entretien, la r\u00e9novation et la r\u00e9habilitation des parties communes.<br>Gr\u00e2ce \u00e0 notre savoir-faire et \u00e0 notre accompagnement personnalis\u00e9, nous proposons des solutions adapt\u00e9es aux besoins, aux contraintes et aux budgets de chacun.<\/p>\n\n\n\n<p><\/p>\n\n\n\n<div class=\"wp-block-columns has-border-color is-layout-flex wp-container-core-columns-is-layout-28f84493 wp-block-columns-is-layout-flex\" style=\"border-color:#4f4f4f;border-width:1px;border-top-left-radius:10px;border-top-right-radius:10px;border-bottom-left-radius:10px;border-bottom-right-radius:10px\">\n<div class=\"wp-block-column is-layout-flow wp-block-column-is-layout-flow\">\n<iframe src=\"https:\/\/www.google.com\/maps\/embed?pb=!1m18!1m12!1m3!1d673303.974744482!2d1.1782939824203875!3d48.76100784579033!2m3!1f0!2f0!3f0!3m2!1i1024!2i768!4f13.1!3m3!1m2!1s0x47e69c3cff31cfd9%3A0x30b82c3688b2a60!2sYvelines!5e0!3m2!1sfr!2sfr!4v1767303623863!5m2!1sfr!2sfr\" width=\"100%\" height=\"100%\" style=\"border:0;\" allowfullscreen=\"\" loading=\"lazy\" referrerpolicy=\"no-referrer-when-downgrade\"><\/iframe>\n<\/div>\n\n\n\n<div class=\"wp-block-column is-vertically-aligned-center is-layout-flow wp-block-column-is-layout-flow\">\n<h2 class=\"wp-block-heading\" style=\"font-size:clamp(21.536px, 1.346rem + ((1vw - 3.2px) * 1.374), 35px);\">Zone d&rsquo;intervention<\/h2>\n\n\n\n<p>Implant\u00e9e et active dans <strong>l\u2019ouest parisien<\/strong>, notre entreprise intervient \u00e0 <strong>Paris Ouest<\/strong>, dans les <strong>Hauts-de-Seine (92)<\/strong>, les <strong>Yvelines (78)<\/strong> <\/p>\n<\/div>\n<\/div>\n\n\n\n<div class=\"wp-block-buttons is-content-justification-center is-layout-flex wp-container-core-buttons-is-layout-a89b3969 wp-block-buttons-is-layout-flex\">\n<div class=\"wp-block-button\"><a class=\"wp-block-button__link wp-element-button\">Nous contacter pour un devis gratuit<\/a><\/div>\n<\/div>\n\n\n\n<div class=\"wp-block-columns is-layout-flex wp-container-core-columns-is-layout-28f84493 wp-block-columns-is-layout-flex\">\n<div class=\"wp-block-column is-layout-flow wp-block-column-is-layout-flow\"><\/div>\n\n\n\n<div class=\"wp-block-column is-layout-flow wp-block-column-is-layout-flow\"><\/div>\n<\/div>\n","protected":false},"excerpt":{"rendered":"<p>A qui s&rsquo;adresse-t-on ? Notre entreprise de r\u00e9novation de maisons et d\u2019appartements accompagne tous types de clients dans leurs projets, qu\u2019ils soient priv\u00e9s ou professionnels.Nous nous adressons aussi bien aux particuliers souhaitant r\u00e9nover, moderniser ou valoriser leur logement, qu\u2019aux entreprises d\u00e9sireuses d\u2019am\u00e9nager ou de remettre en \u00e9tat leurs locaux.Nous travaillons \u00e9galement avec les collectivit\u00e9s locales [&hellip;]<\/p>\n","protected":false},"author":1,"featured_media":0,"parent":0,"menu_order":0,"comment_status":"closed","ping_status":"closed","template":"","meta":{"footnotes":""},"class_list":["post-119","page","type-page","status-publish","hentry"],"_links":{"self":[{"href":"https:\/\/2jdrenov.fr\/index.php\/wp-json\/wp\/v2\/pages\/119","targetHints":{"allow":["GET"]}}],"collection":[{"href":"https:\/\/2jdrenov.fr\/index.php\/wp-json\/wp\/v2\/pages"}],"about":[{"href":"https:\/\/2jdrenov.fr\/index.php\/wp-json\/wp\/v2\/types\/page"}],"author":[{"embeddable":true,"href":"https:\/\/2jdrenov.fr\/index.php\/wp-json\/wp\/v2\/users\/1"}],"replies":[{"embeddable":true,"href":"https:\/\/2jdrenov.fr\/index.php\/wp-json\/wp\/v2\/comments?post=119"}],"version-history":[{"count":11,"href":"https:\/\/2jdrenov.fr\/index.php\/wp-json\/wp\/v2\/pages\/119\/revisions"}],"predecessor-version":[{"id":140,"href":"https:\/\/2jdrenov.fr\/index.php\/wp-json\/wp\/v2\/pages\/119\/revisions\/140"}],"wp:attachment":[{"href":"https:\/\/2jdrenov.fr\/index.php\/wp-json\/wp\/v2\/media?parent=119"}],"curies":[{"name":"wp","href":"https:\/\/api.w.org\/{rel}","templated":true}]}}